{"id":1327,"date":"2026-03-06T10:39:15","date_gmt":"2026-03-06T09:39:15","guid":{"rendered":"https:\/\/bellasicilia.pl\/produkt\/sugo-za-sa\/"},"modified":"2026-04-10T17:52:45","modified_gmt":"2026-04-10T15:52:45","slug":"souce-za-sa","status":"publish","type":"product","link":"https:\/\/bellasicilia.pl\/en\/produkt\/souce-za-sa\/","title":{"rendered":"Souce Z\u00e0 S\u00e0"},"content":{"rendered":"<p><strong>Souce Z\u00e0 S\u00e0<\/strong> is a bold, rustic sauce inspired by traditional Italian home cooking \u2014 hearty, aromatic and full of depth.<\/p>\n<p>The base is juicy Italian tomato pulp combined with pieces of pork sausage and bacon, which give the sauce its rich, meaty character. Noble porcini mushrooms add a forest umami note, while black olives and onion perfectly balance the flavour, creating a complex, multi-layered composition. Everything is enriched with extra virgin olive oil, seasoned with unrefined sea salt and a touch of sugar to subtly balance the natural acidity of the tomatoes.<\/p>\n<p>A true \u201cslow food\u201d style sauce \u2014 thick, satisfying and ready to become the heart of a dish.<\/p>\n<p>Ideal for pasta (tagliatelle, pappardelle, rigatoni), as a base for one-pot dishes, baked meals and lasagne, when you crave something rich and full of flavour.<\/p>\n<p>An authentic, meaty sauce with true Italian character \u2014 just like homemade.<\/p>\n","protected":false},"excerpt":{"rendered":"<p>Souce Z\u00e0 S\u00e0 is a bold, rustic sauce inspired by traditional Italian home cooking \u2014 hearty, aromatic and full of depth. The base is juicy Italian tomato pulp combined with pieces of pork sausage and bacon, which give the sauce its rich, meaty character. Noble porcini mushrooms add a forest umami note, while black olives [&hellip;]<\/p>\n","protected":false},"featured_media":1326,"comment_status":"open","ping_status":"closed","template":"","meta":{"_acf_changed":false},"product_brand":[],"product_cat":[74],"product_tag":[85],"class_list":{"0":"post-1327","1":"product","2":"type-product","3":"status-publish","4":"has-post-thumbnail","6":"product_cat-sauces-pestos","7":"product_tag-meat","9":"first","10":"instock","11":"taxable","12":"shipping-taxable","13":"purchasable","14":"product-type-simple"},"acf":[],"_links":{"self":[{"href":"https:\/\/bellasicilia.pl\/en\/wp-json\/wp\/v2\/product\/1327","targetHints":{"allow":["GET"]}}],"collection":[{"href":"https:\/\/bellasicilia.pl\/en\/wp-json\/wp\/v2\/product"}],"about":[{"href":"https:\/\/bellasicilia.pl\/en\/wp-json\/wp\/v2\/types\/product"}],"replies":[{"embeddable":true,"href":"https:\/\/bellasicilia.pl\/en\/wp-json\/wp\/v2\/comments?post=1327"}],"wp:featuredmedia":[{"embeddable":true,"href":"https:\/\/bellasicilia.pl\/en\/wp-json\/wp\/v2\/media\/1326"}],"wp:attachment":[{"href":"https:\/\/bellasicilia.pl\/en\/wp-json\/wp\/v2\/media?parent=1327"}],"wp:term":[{"taxonomy":"product_brand","embeddable":true,"href":"https:\/\/bellasicilia.pl\/en\/wp-json\/wp\/v2\/product_brand?post=1327"},{"taxonomy":"product_cat","embeddable":true,"href":"https:\/\/bellasicilia.pl\/en\/wp-json\/wp\/v2\/product_cat?post=1327"},{"taxonomy":"product_tag","embeddable":true,"href":"https:\/\/bellasicilia.pl\/en\/wp-json\/wp\/v2\/product_tag?post=1327"}],"curies":[{"name":"wp","href":"https:\/\/api.w.org\/{rel}","templated":true}]}}