{"id":1383,"date":"2026-03-06T10:07:16","date_gmt":"2026-03-06T09:07:16","guid":{"rendered":"https:\/\/bellasicilia.pl\/produkt\/ragu-vegano\/"},"modified":"2026-04-10T17:12:32","modified_gmt":"2026-04-10T15:12:32","slug":"vegan-ragu","status":"publish","type":"product","link":"https:\/\/bellasicilia.pl\/en\/produkt\/vegan-ragu\/","title":{"rendered":"Vegan rag\u00f9"},"content":{"rendered":"<p>Vegan rag\u00f9 it&#8217;s a tasty, 100% vegan proposition. Tomato sauce with vegan rag\u00f9 is an aromatic blend of sun-ripened tomatoes and plant-based rag\u00f9, seasoned with Mediterranean herbs and Sicilian Nero d\u2019Avola wine, which adds a distinctive depth of flavor. Its rich, bold taste and natural ingredients make it perfect for pasta, rice, and vegetable dishes, offering a full-bodied flavor in a plant-based version.<\/p>\n","protected":false},"excerpt":{"rendered":"<p>Vegan rag\u00f9 it&#8217;s a tasty, 100% vegan proposition. Tomato sauce with vegan rag\u00f9 is an aromatic blend of sun-ripened tomatoes and plant-based rag\u00f9, seasoned with Mediterranean herbs and Sicilian Nero d\u2019Avola wine, which adds a distinctive depth of flavor. Its rich, bold taste and natural ingredients make it perfect for pasta, rice, and vegetable dishes, [&hellip;]<\/p>\n","protected":false},"featured_media":1378,"comment_status":"open","ping_status":"closed","template":"","meta":{"_acf_changed":false},"product_brand":[],"product_cat":[74],"product_tag":[82],"class_list":{"0":"post-1383","1":"product","2":"type-product","3":"status-publish","4":"has-post-thumbnail","6":"product_cat-sauces-pestos","7":"product_tag-vegan","9":"first","10":"instock","11":"taxable","12":"shipping-taxable","13":"purchasable","14":"product-type-simple"},"acf":[],"_links":{"self":[{"href":"https:\/\/bellasicilia.pl\/en\/wp-json\/wp\/v2\/product\/1383","targetHints":{"allow":["GET"]}}],"collection":[{"href":"https:\/\/bellasicilia.pl\/en\/wp-json\/wp\/v2\/product"}],"about":[{"href":"https:\/\/bellasicilia.pl\/en\/wp-json\/wp\/v2\/types\/product"}],"replies":[{"embeddable":true,"href":"https:\/\/bellasicilia.pl\/en\/wp-json\/wp\/v2\/comments?post=1383"}],"wp:featuredmedia":[{"embeddable":true,"href":"https:\/\/bellasicilia.pl\/en\/wp-json\/wp\/v2\/media\/1378"}],"wp:attachment":[{"href":"https:\/\/bellasicilia.pl\/en\/wp-json\/wp\/v2\/media?parent=1383"}],"wp:term":[{"taxonomy":"product_brand","embeddable":true,"href":"https:\/\/bellasicilia.pl\/en\/wp-json\/wp\/v2\/product_brand?post=1383"},{"taxonomy":"product_cat","embeddable":true,"href":"https:\/\/bellasicilia.pl\/en\/wp-json\/wp\/v2\/product_cat?post=1383"},{"taxonomy":"product_tag","embeddable":true,"href":"https:\/\/bellasicilia.pl\/en\/wp-json\/wp\/v2\/product_tag?post=1383"}],"curies":[{"name":"wp","href":"https:\/\/api.w.org\/{rel}","templated":true}]}}